{"id":240,"date":"2022-12-12T15:07:29","date_gmt":"2022-12-12T14:07:29","guid":{"rendered":"https:\/\/opieka-promyk.pl\/?page_id=240"},"modified":"2026-04-28T23:14:55","modified_gmt":"2026-04-28T21:14:55","slug":"oferta","status":"publish","type":"page","link":"https:\/\/opieka-promyk.pl\/?page_id=240","title":{"rendered":"Services"},"content":{"rendered":"\t\t<div data-elementor-type=\"wp-page\" data-elementor-id=\"240\" class=\"elementor elementor-240\">\n\t\t\t\t\t\t<section class=\"elementor-section elementor-top-section elementor-element elementor-element-59dfca88 elementor-section-height-min-height elementor-section-content-middle elementor-section-full_width elementor-section-items-stretch elementor-reverse-mobile elementor-section-height-default\" data-id=\"59dfca88\" data-element_type=\"section\" data-e-type=\"section\" id=\"exteriorpainting\">\n\t\t\t\t\t\t<div class=\"elementor-container elementor-column-gap-no\">\n\t\t\t\t\t<div class=\"elementor-column elementor-col-50 elementor-top-column elementor-element elementor-element-b2f2b89\" data-id=\"b2f2b89\" data-element_type=\"column\" data-e-type=\"column\">\n\t\t\t<div class=\"elementor-widget-wrap elementor-element-populated\">\n\t\t\t\t\t\t<div class=\"elementor-element elementor-element-11ccac27 elementor-widget-divider--view-line elementor-invisible elementor-widget elementor-widget-divider\" data-id=\"11ccac27\" data-element_type=\"widget\" data-e-type=\"widget\" data-settings=\"{&quot;_animation&quot;:&quot;slideInLeft&quot;}\" data-widget_type=\"divider.default\">\n\t\t\t\t<div class=\"elementor-widget-container\">\n\t\t\t\t\t\t\t<div class=\"elementor-divider\">\n\t\t\t<span class=\"elementor-divider-separator\">\n\t\t\t\t\t\t<\/span>\n\t\t<\/div>\n\t\t\t\t\t\t<\/div>\n\t\t\t\t<\/div>\n\t\t\t\t<div class=\"elementor-element elementor-element-245deac3 elementor-invisible elementor-widget elementor-widget-heading\" data-id=\"245deac3\" data-element_type=\"widget\" data-e-type=\"widget\" data-settings=\"{&quot;_animation&quot;:&quot;fadeIn&quot;,&quot;_animation_delay&quot;:&quot;400&quot;}\" data-widget_type=\"heading.default\">\n\t\t\t\t<div class=\"elementor-widget-container\">\n\t\t\t\t\t<h3 class=\"elementor-heading-title elementor-size-default\">Cennik naszych us\u0142ug:<\/h3>\t\t\t\t<\/div>\n\t\t\t\t<\/div>\n\t\t\t\t<div class=\"elementor-element elementor-element-66d602b7 elementor-widget elementor-widget-text-editor\" data-id=\"66d602b7\" data-element_type=\"widget\" data-e-type=\"widget\" data-widget_type=\"text-editor.default\">\n\t\t\t\t<div class=\"elementor-widget-container\">\n\t\t\t\t\t\t\t\t\t<p>Cena miesi\u0119czna za pobyt w Domu Opieki ,,Promyk\u201d uzale\u017cniona jest od stanu<br \/>zdrowia pacjenta.<\/p><p>Kwota minimalna to 5000 z\u0142otych.<\/p><p>Zapewniamy pobyty kr\u00f3tko i d\u0142ugoterminowe.<\/p><p>Koszt pobytu przy pobycie kr\u00f3tkoterminowym to 250 z\u0142\/ osobodoba.<\/p><p>Cena ta uwzgl\u0119dnia ju\u017c koszty:<\/p><p>&#8211; pe\u0142nej obs\u0142ugi z wy\u017cywieniem;<br \/>&#8211; opieki lekarskiej i piel\u0119gniarskiej;<br \/>&#8211; dost\u0119pu do terapii zaj\u0119ciowej i zaj\u0119\u0107 rehabilitacyjnych.<\/p>\t\t\t\t\t\t\t\t<\/div>\n\t\t\t\t<\/div>\n\t\t\t\t\t<\/div>\n\t\t<\/div>\n\t\t\t\t<div class=\"elementor-column elementor-col-50 elementor-top-column elementor-element elementor-element-24a2d8ad\" data-id=\"24a2d8ad\" data-element_type=\"column\" data-e-type=\"column\" data-settings=\"{&quot;background_background&quot;:&quot;classic&quot;}\">\n\t\t\t<div class=\"elementor-widget-wrap elementor-element-populated\">\n\t\t\t\t\t\t<div class=\"elementor-element elementor-element-69a73236 elementor-widget elementor-widget-spacer\" data-id=\"69a73236\" data-element_type=\"widget\" data-e-type=\"widget\" data-widget_type=\"spacer.default\">\n\t\t\t\t<div class=\"elementor-widget-container\">\n\t\t\t\t\t\t\t<div class=\"elementor-spacer\">\n\t\t\t<div class=\"elementor-spacer-inner\"><\/div>\n\t\t<\/div>\n\t\t\t\t\t\t<\/div>\n\t\t\t\t<\/div>\n\t\t\t\t\t<\/div>\n\t\t<\/div>\n\t\t\t\t\t<\/div>\n\t\t<\/section>\n\t\t\t\t<section class=\"elementor-section elementor-top-section elementor-element elementor-element-0e02af4 elementor-section-height-min-height elementor-section-content-middle elementor-section-full_width elementor-section-items-stretch elementor-section-height-default\" data-id=\"0e02af4\" data-element_type=\"section\" data-e-type=\"section\">\n\t\t\t\t\t\t<div class=\"elementor-container elementor-column-gap-no\">\n\t\t\t\t\t<div class=\"elementor-column elementor-col-50 elementor-top-column elementor-element elementor-element-0e3ded3\" data-id=\"0e3ded3\" data-element_type=\"column\" data-e-type=\"column\" data-settings=\"{&quot;background_background&quot;:&quot;classic&quot;}\">\n\t\t\t<div class=\"elementor-widget-wrap elementor-element-populated\">\n\t\t\t\t\t\t<div class=\"elementor-element elementor-element-e63cffc elementor-widget elementor-widget-spacer\" data-id=\"e63cffc\" data-element_type=\"widget\" data-e-type=\"widget\" data-widget_type=\"spacer.default\">\n\t\t\t\t<div class=\"elementor-widget-container\">\n\t\t\t\t\t\t\t<div class=\"elementor-spacer\">\n\t\t\t<div class=\"elementor-spacer-inner\"><\/div>\n\t\t<\/div>\n\t\t\t\t\t\t<\/div>\n\t\t\t\t<\/div>\n\t\t\t\t\t<\/div>\n\t\t<\/div>\n\t\t\t\t<div class=\"elementor-column elementor-col-50 elementor-top-column elementor-element elementor-element-ab6fc88\" data-id=\"ab6fc88\" data-element_type=\"column\" data-e-type=\"column\">\n\t\t\t<div class=\"elementor-widget-wrap elementor-element-populated\">\n\t\t\t\t\t\t<div class=\"elementor-element elementor-element-e154495 elementor-widget-divider--view-line elementor-invisible elementor-widget elementor-widget-divider\" data-id=\"e154495\" data-element_type=\"widget\" data-e-type=\"widget\" data-settings=\"{&quot;_animation&quot;:&quot;slideInRight&quot;}\" data-widget_type=\"divider.default\">\n\t\t\t\t<div class=\"elementor-widget-container\">\n\t\t\t\t\t\t\t<div class=\"elementor-divider\">\n\t\t\t<span class=\"elementor-divider-separator\">\n\t\t\t\t\t\t<\/span>\n\t\t<\/div>\n\t\t\t\t\t\t<\/div>\n\t\t\t\t<\/div>\n\t\t\t\t<div class=\"elementor-element elementor-element-a30965d elementor-invisible elementor-widget elementor-widget-heading\" data-id=\"a30965d\" data-element_type=\"widget\" data-e-type=\"widget\" data-settings=\"{&quot;_animation&quot;:&quot;fadeIn&quot;,&quot;_animation_delay&quot;:&quot;400&quot;}\" data-widget_type=\"heading.default\">\n\t\t\t\t<div class=\"elementor-widget-container\">\n\t\t\t\t\t<h3 class=\"elementor-heading-title elementor-size-default\"><span style=\"color: var( --e-global-color-primary );font-family: var( --e-global-typography-secondary-font-family ), Sans-serif;font-size: var( --e-global-typography-secondary-font-size );font-weight: var( --e-global-typography-secondary-font-weight );letter-spacing: var( --e-global-typography-secondary-letter-spacing );background-color: var( --e-global-color-3d761f9 )\">Potrzebujesz wi\u0119cej informacji ?<\/span><\/h3>\t\t\t\t<\/div>\n\t\t\t\t<\/div>\n\t\t\t\t<div class=\"elementor-element elementor-element-80c25b8 elementor-widget elementor-widget-text-editor\" data-id=\"80c25b8\" data-element_type=\"widget\" data-e-type=\"widget\" data-widget_type=\"text-editor.default\">\n\t\t\t\t<div class=\"elementor-widget-container\">\n\t\t\t\t\t\t\t\t\t<p>Nasz do\u015bwiadczony personel z przyjemno\u015bci\u0105\u00a0 odpowie na wszelkie Pa\u0144stwa pytania.<\/p>\t\t\t\t\t\t\t\t<\/div>\n\t\t\t\t<\/div>\n\t\t\t\t<div class=\"elementor-element elementor-element-9d78d77 elementor-widget elementor-widget-button\" data-id=\"9d78d77\" data-element_type=\"widget\" data-e-type=\"widget\" data-widget_type=\"button.default\">\n\t\t\t\t<div class=\"elementor-widget-container\">\n\t\t\t\t\t\t\t\t\t<div class=\"elementor-button-wrapper\">\n\t\t\t\t\t<a class=\"elementor-button elementor-button-link elementor-size-sm\" href=\"https:\/\/opieka-promyk.pl\/?page_id=208\">\n\t\t\t\t\t\t<span class=\"elementor-button-content-wrapper\">\n\t\t\t\t\t\t\t\t\t<span class=\"elementor-button-text\">Skontaktuj si\u0119 z nami<\/span>\n\t\t\t\t\t<\/span>\n\t\t\t\t\t<\/a>\n\t\t\t\t<\/div>\n\t\t\t\t\t\t\t\t<\/div>\n\t\t\t\t<\/div>\n\t\t\t\t\t<\/div>\n\t\t<\/div>\n\t\t\t\t\t<\/div>\n\t\t<\/section>\n\t\t\t\t<section class=\"elementor-section elementor-top-section elementor-element elementor-element-fab6dec elementor-section-content-top elementor-section-boxed elementor-section-height-default elementor-section-height-default\" data-id=\"fab6dec\" data-element_type=\"section\" data-e-type=\"section\">\n\t\t\t\t\t\t<div class=\"elementor-container elementor-column-gap-no\">\n\t\t\t\t\t<div class=\"elementor-column elementor-col-33 elementor-top-column elementor-element elementor-element-bcb8c0e\" data-id=\"bcb8c0e\" data-element_type=\"column\" data-e-type=\"column\">\n\t\t\t<div class=\"elementor-widget-wrap elementor-element-populated\">\n\t\t\t\t\t\t<div class=\"elementor-element elementor-element-641a9e4 elementor-widget elementor-widget-heading\" data-id=\"641a9e4\" data-element_type=\"widget\" data-e-type=\"widget\" data-widget_type=\"heading.default\">\n\t\t\t\t<div class=\"elementor-widget-container\">\n\t\t\t\t\t<h5 class=\"elementor-heading-title elementor-size-default\">Na skr\u00f3ty:<\/h5>\t\t\t\t<\/div>\n\t\t\t\t<\/div>\n\t\t\t\t<div class=\"elementor-element elementor-element-52e32d1 elementor-mobile-align-center elementor-icon-list--layout-traditional elementor-list-item-link-full_width elementor-widget elementor-widget-icon-list\" data-id=\"52e32d1\" data-element_type=\"widget\" data-e-type=\"widget\" data-widget_type=\"icon-list.default\">\n\t\t\t\t<div class=\"elementor-widget-container\">\n\t\t\t\t\t\t\t<ul class=\"elementor-icon-list-items\">\n\t\t\t\t\t\t\t<li class=\"elementor-icon-list-item\">\n\t\t\t\t\t\t\t\t\t\t\t<a href=\"https:\/\/library.elementor.com\/painting-company\/\">\n\n\t\t\t\t\t\t\t\t\t\t\t<span class=\"elementor-icon-list-text\">Home<\/span>\n\t\t\t\t\t\t\t\t\t\t\t<\/a>\n\t\t\t\t\t\t\t\t\t<\/li>\n\t\t\t\t\t\t\t\t<li class=\"elementor-icon-list-item\">\n\t\t\t\t\t\t\t\t\t\t\t<a href=\"https:\/\/opieka-promyk.pl\/?page_id=229\">\n\n\t\t\t\t\t\t\t\t\t\t\t<span class=\"elementor-icon-list-text\">O nas<\/span>\n\t\t\t\t\t\t\t\t\t\t\t<\/a>\n\t\t\t\t\t\t\t\t\t<\/li>\n\t\t\t\t\t\t\t\t<li class=\"elementor-icon-list-item\">\n\t\t\t\t\t\t\t\t\t\t\t<a href=\"https:\/\/opieka-promyk.pl\/?page_id=240\">\n\n\t\t\t\t\t\t\t\t\t\t\t<span class=\"elementor-icon-list-text\">Us\u0142ugi<\/span>\n\t\t\t\t\t\t\t\t\t\t\t<\/a>\n\t\t\t\t\t\t\t\t\t<\/li>\n\t\t\t\t\t\t\t\t<li class=\"elementor-icon-list-item\">\n\t\t\t\t\t\t\t\t\t\t\t<a href=\"https:\/\/opieka-promyk.pl\/?page_id=217\">\n\n\t\t\t\t\t\t\t\t\t\t\t<span class=\"elementor-icon-list-text\">Galeria<\/span>\n\t\t\t\t\t\t\t\t\t\t\t<\/a>\n\t\t\t\t\t\t\t\t\t<\/li>\n\t\t\t\t\t\t\t\t<li class=\"elementor-icon-list-item\">\n\t\t\t\t\t\t\t\t\t\t\t<a href=\"https:\/\/opieka-promyk.pl\/?page_id=208\">\n\n\t\t\t\t\t\t\t\t\t\t\t<span class=\"elementor-icon-list-text\">Kontakt<\/span>\n\t\t\t\t\t\t\t\t\t\t\t<\/a>\n\t\t\t\t\t\t\t\t\t<\/li>\n\t\t\t\t\t\t<\/ul>\n\t\t\t\t\t\t<\/div>\n\t\t\t\t<\/div>\n\t\t\t\t\t<\/div>\n\t\t<\/div>\n\t\t\t\t<div class=\"elementor-column elementor-col-33 elementor-top-column elementor-element elementor-element-bc5abf1\" data-id=\"bc5abf1\" data-element_type=\"column\" data-e-type=\"column\">\n\t\t\t<div class=\"elementor-widget-wrap elementor-element-populated\">\n\t\t\t\t\t\t<div class=\"elementor-element elementor-element-89c466c elementor-widget elementor-widget-heading\" data-id=\"89c466c\" data-element_type=\"widget\" data-e-type=\"widget\" data-widget_type=\"heading.default\">\n\t\t\t\t<div class=\"elementor-widget-container\">\n\t\t\t\t\t<h5 class=\"elementor-heading-title elementor-size-default\">Godziny Otwarcia:<\/h5>\t\t\t\t<\/div>\n\t\t\t\t<\/div>\n\t\t\t\t<div class=\"elementor-element elementor-element-5f3f96d elementor-list-item-link-inline elementor-mobile-align-center elementor-icon-list--layout-traditional elementor-widget elementor-widget-icon-list\" data-id=\"5f3f96d\" data-element_type=\"widget\" data-e-type=\"widget\" data-widget_type=\"icon-list.default\">\n\t\t\t\t<div class=\"elementor-widget-container\">\n\t\t\t\t\t\t\t<ul class=\"elementor-icon-list-items\">\n\t\t\t\t\t\t\t<li class=\"elementor-icon-list-item\">\n\t\t\t\t\t\t\t\t\t\t<span class=\"elementor-icon-list-text\">Poniedzia\u0142ek-Pi\u0105tek: 9 - 17<\/span>\n\t\t\t\t\t\t\t\t\t<\/li>\n\t\t\t\t\t\t<\/ul>\n\t\t\t\t\t\t<\/div>\n\t\t\t\t<\/div>\n\t\t\t\t\t<\/div>\n\t\t<\/div>\n\t\t\t\t<div class=\"elementor-column elementor-col-33 elementor-top-column elementor-element elementor-element-1b96639\" data-id=\"1b96639\" data-element_type=\"column\" data-e-type=\"column\">\n\t\t\t<div class=\"elementor-widget-wrap elementor-element-populated\">\n\t\t\t\t\t\t<div class=\"elementor-element elementor-element-c561f10 elementor-widget elementor-widget-heading\" data-id=\"c561f10\" data-element_type=\"widget\" data-e-type=\"widget\" data-widget_type=\"heading.default\">\n\t\t\t\t<div class=\"elementor-widget-container\">\n\t\t\t\t\t<h5 class=\"elementor-heading-title elementor-size-default\">Kontakt:<\/h5>\t\t\t\t<\/div>\n\t\t\t\t<\/div>\n\t\t\t\t<div class=\"elementor-element elementor-element-202ee9f elementor-mobile-align-center elementor-icon-list--layout-traditional elementor-list-item-link-full_width elementor-widget elementor-widget-icon-list\" data-id=\"202ee9f\" data-element_type=\"widget\" data-e-type=\"widget\" data-widget_type=\"icon-list.default\">\n\t\t\t\t<div class=\"elementor-widget-container\">\n\t\t\t\t\t\t\t<ul class=\"elementor-icon-list-items\">\n\t\t\t\t\t\t\t<li class=\"elementor-icon-list-item\">\n\t\t\t\t\t\t\t\t\t\t\t<span class=\"elementor-icon-list-icon\">\n\t\t\t\t\t\t\t<i aria-hidden=\"true\" class=\"fas fa-mail-bulk\"><\/i>\t\t\t\t\t\t<\/span>\n\t\t\t\t\t\t\t\t\t\t<span class=\"elementor-icon-list-text\">kontakt@opieka-promyk.pl<\/span>\n\t\t\t\t\t\t\t\t\t<\/li>\n\t\t\t\t\t\t\t\t<li class=\"elementor-icon-list-item\">\n\t\t\t\t\t\t\t\t\t\t\t<span class=\"elementor-icon-list-icon\">\n\t\t\t\t\t\t\t<i aria-hidden=\"true\" class=\"fas fa-phone-alt\"><\/i>\t\t\t\t\t\t<\/span>\n\t\t\t\t\t\t\t\t\t\t<span class=\"elementor-icon-list-text\">+48 507-282-424<\/span>\n\t\t\t\t\t\t\t\t\t<\/li>\n\t\t\t\t\t\t\t\t<li class=\"elementor-icon-list-item\">\n\t\t\t\t\t\t\t\t\t\t\t<a href=\"https:\/\/www.facebook.com\/domopiekipromyk\">\n\n\t\t\t\t\t\t\t\t\t\t\t\t<span class=\"elementor-icon-list-icon\">\n\t\t\t\t\t\t\t<i aria-hidden=\"true\" class=\"fab fa-facebook-f\"><\/i>\t\t\t\t\t\t<\/span>\n\t\t\t\t\t\t\t\t\t\t<span class=\"elementor-icon-list-text\">https:\/\/www.facebook.com\/domopiekipromyk<\/span>\n\t\t\t\t\t\t\t\t\t\t\t<\/a>\n\t\t\t\t\t\t\t\t\t<\/li>\n\t\t\t\t\t\t<\/ul>\n\t\t\t\t\t\t<\/div>\n\t\t\t\t<\/div>\n\t\t\t\t\t<\/div>\n\t\t<\/div>\n\t\t\t\t\t<\/div>\n\t\t<\/section>\n\t\t\t\t<\/div>\n\t\t","protected":false},"excerpt":{"rendered":"<p>Cennik naszych us\u0142ug: Cena miesi\u0119czna za pobyt w Domu Opieki ,,Promyk\u201d uzale\u017cniona jest od stanuzdrowia pacjenta. Kwota minimalna to 5000 z\u0142otych. Zapewniamy pobyty kr\u00f3tko i d\u0142ugoterminowe. Koszt pobytu przy pobycie kr\u00f3tkoterminowym to 250 z\u0142\/ osobodoba. Cena ta uwzgl\u0119dnia ju\u017c koszty: &#8211; pe\u0142nej obs\u0142ugi z wy\u017cywieniem;&#8211; opieki lekarskiej i piel\u0119gniarskiej;&#8211; dost\u0119pu do terapii zaj\u0119ciowej i zaj\u0119\u0107 &hellip; <\/p>\n<div class=\"link-more text-center\"><a href=\"https:\/\/opieka-promyk.pl\/?page_id=240\" class=\"more-link py-2 px-4\">Read More<span class=\"screen-reader-text\"> &#8222;Services&#8221;<\/span><\/a><\/div>\n","protected":false},"author":3,"featured_media":0,"parent":0,"menu_order":0,"comment_status":"closed","ping_status":"closed","template":"","meta":{"footnotes":""},"class_list":["post-240","page","type-page","status-publish","hentry"],"yoast_head":"<!-- This site is optimized with the Yoast SEO plugin v27.5 - https:\/\/yoast.com\/product\/yoast-seo-wordpress\/ -->\n<title>Services - Dom Opieki PROMYK<\/title>\n<meta name=\"robots\" content=\"index, follow, max-snippet:-1, max-image-preview:large, max-video-preview:-1\" \/>\n<link rel=\"canonical\" href=\"https:\/\/opieka-promyk.pl\/?page_id=240\" \/>\n<meta property=\"og:locale\" content=\"pl_PL\" \/>\n<meta property=\"og:type\" content=\"article\" \/>\n<meta property=\"og:title\" content=\"Services - Dom Opieki PROMYK\" \/>\n<meta property=\"og:description\" content=\"Cennik naszych us\u0142ug: Cena miesi\u0119czna za pobyt w Domu Opieki ,,Promyk\u201d uzale\u017cniona jest od stanuzdrowia pacjenta. Kwota minimalna to 5000 z\u0142otych. Zapewniamy pobyty kr\u00f3tko i d\u0142ugoterminowe. Koszt pobytu przy pobycie kr\u00f3tkoterminowym to 250 z\u0142\/ osobodoba. Cena ta uwzgl\u0119dnia ju\u017c koszty: &#8211; pe\u0142nej obs\u0142ugi z wy\u017cywieniem;&#8211; opieki lekarskiej i piel\u0119gniarskiej;&#8211; dost\u0119pu do terapii zaj\u0119ciowej i zaj\u0119\u0107 &hellip; Read More &quot;Services&quot;\" \/>\n<meta property=\"og:url\" content=\"https:\/\/opieka-promyk.pl\/?page_id=240\" \/>\n<meta property=\"og:site_name\" content=\"Dom Opieki PROMYK\" \/>\n<meta property=\"article:modified_time\" content=\"2026-04-28T21:14:55+00:00\" \/>\n<meta name=\"twitter:card\" content=\"summary_large_image\" \/>\n<meta name=\"twitter:label1\" content=\"Szacowany czas czytania\" \/>\n\t<meta name=\"twitter:data1\" content=\"3 minuty\" \/>\n<script type=\"application\/ld+json\" class=\"yoast-schema-graph\">{\"@context\":\"https:\\\/\\\/schema.org\",\"@graph\":[{\"@type\":\"WebPage\",\"@id\":\"https:\\\/\\\/opieka-promyk.pl\\\/?page_id=240\",\"url\":\"https:\\\/\\\/opieka-promyk.pl\\\/?page_id=240\",\"name\":\"Services - Dom Opieki PROMYK\",\"isPartOf\":{\"@id\":\"http:\\\/\\\/opieka-promyk.pl\\\/#website\"},\"datePublished\":\"2022-12-12T14:07:29+00:00\",\"dateModified\":\"2026-04-28T21:14:55+00:00\",\"breadcrumb\":{\"@id\":\"https:\\\/\\\/opieka-promyk.pl\\\/?page_id=240#breadcrumb\"},\"inLanguage\":\"pl-PL\",\"potentialAction\":[{\"@type\":\"ReadAction\",\"target\":[\"https:\\\/\\\/opieka-promyk.pl\\\/?page_id=240\"]}]},{\"@type\":\"BreadcrumbList\",\"@id\":\"https:\\\/\\\/opieka-promyk.pl\\\/?page_id=240#breadcrumb\",\"itemListElement\":[{\"@type\":\"ListItem\",\"position\":1,\"name\":\"Home\",\"item\":\"https:\\\/\\\/opieka-promyk.pl\\\/\"},{\"@type\":\"ListItem\",\"position\":2,\"name\":\"Services\"}]},{\"@type\":\"WebSite\",\"@id\":\"http:\\\/\\\/opieka-promyk.pl\\\/#website\",\"url\":\"http:\\\/\\\/opieka-promyk.pl\\\/\",\"name\":\"Dom Opieki PROMYK\",\"description\":\"Opieka Unierzy\u017c\",\"publisher\":{\"@id\":\"http:\\\/\\\/opieka-promyk.pl\\\/#organization\"},\"potentialAction\":[{\"@type\":\"SearchAction\",\"target\":{\"@type\":\"EntryPoint\",\"urlTemplate\":\"http:\\\/\\\/opieka-promyk.pl\\\/?s={search_term_string}\"},\"query-input\":{\"@type\":\"PropertyValueSpecification\",\"valueRequired\":true,\"valueName\":\"search_term_string\"}}],\"inLanguage\":\"pl-PL\"},{\"@type\":\"Organization\",\"@id\":\"http:\\\/\\\/opieka-promyk.pl\\\/#organization\",\"name\":\"Dom Opieki PROMYK\",\"url\":\"http:\\\/\\\/opieka-promyk.pl\\\/\",\"logo\":{\"@type\":\"ImageObject\",\"inLanguage\":\"pl-PL\",\"@id\":\"http:\\\/\\\/opieka-promyk.pl\\\/#\\\/schema\\\/logo\\\/image\\\/\",\"url\":\"https:\\\/\\\/opieka-promyk.pl\\\/wp-content\\\/uploads\\\/2022\\\/10\\\/logo-promyk2.jpg\",\"contentUrl\":\"https:\\\/\\\/opieka-promyk.pl\\\/wp-content\\\/uploads\\\/2022\\\/10\\\/logo-promyk2.jpg\",\"width\":105,\"height\":104,\"caption\":\"Dom Opieki PROMYK\"},\"image\":{\"@id\":\"http:\\\/\\\/opieka-promyk.pl\\\/#\\\/schema\\\/logo\\\/image\\\/\"}}]}<\/script>\n<!-- \/ Yoast SEO plugin. -->","yoast_head_json":{"title":"Services - Dom Opieki PROMYK","robots":{"index":"index","follow":"follow","max-snippet":"max-snippet:-1","max-image-preview":"max-image-preview:large","max-video-preview":"max-video-preview:-1"},"canonical":"https:\/\/opieka-promyk.pl\/?page_id=240","og_locale":"pl_PL","og_type":"article","og_title":"Services - Dom Opieki PROMYK","og_description":"Cennik naszych us\u0142ug: Cena miesi\u0119czna za pobyt w Domu Opieki ,,Promyk\u201d uzale\u017cniona jest od stanuzdrowia pacjenta. Kwota minimalna to 5000 z\u0142otych. Zapewniamy pobyty kr\u00f3tko i d\u0142ugoterminowe. Koszt pobytu przy pobycie kr\u00f3tkoterminowym to 250 z\u0142\/ osobodoba. Cena ta uwzgl\u0119dnia ju\u017c koszty: &#8211; pe\u0142nej obs\u0142ugi z wy\u017cywieniem;&#8211; opieki lekarskiej i piel\u0119gniarskiej;&#8211; dost\u0119pu do terapii zaj\u0119ciowej i zaj\u0119\u0107 &hellip; Read More \"Services\"","og_url":"https:\/\/opieka-promyk.pl\/?page_id=240","og_site_name":"Dom Opieki PROMYK","article_modified_time":"2026-04-28T21:14:55+00:00","twitter_card":"summary_large_image","twitter_misc":{"Szacowany czas czytania":"3 minuty"},"schema":{"@context":"https:\/\/schema.org","@graph":[{"@type":"WebPage","@id":"https:\/\/opieka-promyk.pl\/?page_id=240","url":"https:\/\/opieka-promyk.pl\/?page_id=240","name":"Services - Dom Opieki PROMYK","isPartOf":{"@id":"http:\/\/opieka-promyk.pl\/#website"},"datePublished":"2022-12-12T14:07:29+00:00","dateModified":"2026-04-28T21:14:55+00:00","breadcrumb":{"@id":"https:\/\/opieka-promyk.pl\/?page_id=240#breadcrumb"},"inLanguage":"pl-PL","potentialAction":[{"@type":"ReadAction","target":["https:\/\/opieka-promyk.pl\/?page_id=240"]}]},{"@type":"BreadcrumbList","@id":"https:\/\/opieka-promyk.pl\/?page_id=240#breadcrumb","itemListElement":[{"@type":"ListItem","position":1,"name":"Home","item":"https:\/\/opieka-promyk.pl\/"},{"@type":"ListItem","position":2,"name":"Services"}]},{"@type":"WebSite","@id":"http:\/\/opieka-promyk.pl\/#website","url":"http:\/\/opieka-promyk.pl\/","name":"Dom Opieki PROMYK","description":"Opieka Unierzy\u017c","publisher":{"@id":"http:\/\/opieka-promyk.pl\/#organization"},"potentialAction":[{"@type":"SearchAction","target":{"@type":"EntryPoint","urlTemplate":"http:\/\/opieka-promyk.pl\/?s={search_term_string}"},"query-input":{"@type":"PropertyValueSpecification","valueRequired":true,"valueName":"search_term_string"}}],"inLanguage":"pl-PL"},{"@type":"Organization","@id":"http:\/\/opieka-promyk.pl\/#organization","name":"Dom Opieki PROMYK","url":"http:\/\/opieka-promyk.pl\/","logo":{"@type":"ImageObject","inLanguage":"pl-PL","@id":"http:\/\/opieka-promyk.pl\/#\/schema\/logo\/image\/","url":"https:\/\/opieka-promyk.pl\/wp-content\/uploads\/2022\/10\/logo-promyk2.jpg","contentUrl":"https:\/\/opieka-promyk.pl\/wp-content\/uploads\/2022\/10\/logo-promyk2.jpg","width":105,"height":104,"caption":"Dom Opieki PROMYK"},"image":{"@id":"http:\/\/opieka-promyk.pl\/#\/schema\/logo\/image\/"}}]}},"_links":{"self":[{"href":"https:\/\/opieka-promyk.pl\/index.php?rest_route=\/wp\/v2\/pages\/240","targetHints":{"allow":["GET"]}}],"collection":[{"href":"https:\/\/opieka-promyk.pl\/index.php?rest_route=\/wp\/v2\/pages"}],"about":[{"href":"https:\/\/opieka-promyk.pl\/index.php?rest_route=\/wp\/v2\/types\/page"}],"author":[{"embeddable":true,"href":"https:\/\/opieka-promyk.pl\/index.php?rest_route=\/wp\/v2\/users\/3"}],"replies":[{"embeddable":true,"href":"https:\/\/opieka-promyk.pl\/index.php?rest_route=%2Fwp%2Fv2%2Fcomments&post=240"}],"version-history":[{"count":22,"href":"https:\/\/opieka-promyk.pl\/index.php?rest_route=\/wp\/v2\/pages\/240\/revisions"}],"predecessor-version":[{"id":647,"href":"https:\/\/opieka-promyk.pl\/index.php?rest_route=\/wp\/v2\/pages\/240\/revisions\/647"}],"wp:attachment":[{"href":"https:\/\/opieka-promyk.pl\/index.php?rest_route=%2Fwp%2Fv2%2Fmedia&parent=240"}],"curies":[{"name":"wp","href":"https:\/\/api.w.org\/{rel}","templated":true}]}}